{"id":10,"date":"2013-12-18T19:28:37","date_gmt":"2013-12-18T19:28:37","guid":{"rendered":"http:\/\/wg-cossebaude.de\/?page_id=10"},"modified":"2013-12-18T19:51:41","modified_gmt":"2013-12-18T19:51:41","slug":"wgc","status":"publish","type":"page","link":"http:\/\/wg-cossebaude.de\/","title":{"rendered":"WG Cossebaude"},"content":{"rendered":"<table width=\"100%\" border=\"0\">\n<tbody>\n<tr>\n<td><strong>Herzlich Willkommen<\/strong><\/td>\n<\/tr>\n<tr>\n<td><\/td>\n<\/tr>\n<tr>\n<td>\n<table width=\"100%\" border=\"0\">\n<tbody>\n<tr>\n<td colspan=\"3\"><strong>Unsere, vor 50 Jahren gegr\u00fcndete Wohnungsgenossenschaft Cossebaude, gelegen am westlichen Rande Dresdens, in der N\u00e4he von Mei\u00dfen, stellt sich Ihnen vor. Sie m\u00f6chten eine Wohnung mieten oder einfach nur \u00fcbernachten? Dann sind Sie bei uns richtig!<\/strong><strong>\u00a0Wir sind Ihr Partner rund ums Wohnen.<\/strong><\/td>\n<\/tr>\n<\/tbody>\n<\/table>\n<\/td>\n<\/tr>\n<\/tbody>\n<\/table>\n","protected":false},"excerpt":{"rendered":"<p>Herzlich Willkommen Unsere, vor 50 Jahren gegr\u00fcndete Wohnungsgenossenschaft Cossebaude, gelegen am westlichen Rande Dresdens, in der N\u00e4he von Mei\u00dfen, stellt sich Ihnen vor. Sie m\u00f6chten eine Wohnung mieten oder einfach nur \u00fcbernachten? Dann sind Sie bei uns richtig!\u00a0Wir sind Ihr &hellip; <a href=\"http:\/\/wg-cossebaude.de\/\">Weiterlesen <span class=\"meta-nav\">&rarr;<\/span><\/a><\/p>\n","protected":false},"author":1,"featured_media":0,"parent":0,"menu_order":0,"comment_status":"closed","ping_status":"closed","template":"","meta":{"footnotes":""},"class_list":["post-10","page","type-page","status-publish","hentry"],"_links":{"self":[{"href":"http:\/\/wg-cossebaude.de\/index.php?rest_route=\/wp\/v2\/pages\/10","targetHints":{"allow":["GET"]}}],"collection":[{"href":"http:\/\/wg-cossebaude.de\/index.php?rest_route=\/wp\/v2\/pages"}],"about":[{"href":"http:\/\/wg-cossebaude.de\/index.php?rest_route=\/wp\/v2\/types\/page"}],"author":[{"embeddable":true,"href":"http:\/\/wg-cossebaude.de\/index.php?rest_route=\/wp\/v2\/users\/1"}],"replies":[{"embeddable":true,"href":"http:\/\/wg-cossebaude.de\/index.php?rest_route=%2Fwp%2Fv2%2Fcomments&post=10"}],"version-history":[{"count":2,"href":"http:\/\/wg-cossebaude.de\/index.php?rest_route=\/wp\/v2\/pages\/10\/revisions"}],"predecessor-version":[{"id":26,"href":"http:\/\/wg-cossebaude.de\/index.php?rest_route=\/wp\/v2\/pages\/10\/revisions\/26"}],"wp:attachment":[{"href":"http:\/\/wg-cossebaude.de\/index.php?rest_route=%2Fwp%2Fv2%2Fmedia&parent=10"}],"curies":[{"name":"wp","href":"https:\/\/api.w.org\/{rel}","templated":true}]}}